{"id":659,"date":"2021-05-05T20:35:24","date_gmt":"2021-05-05T20:35:24","guid":{"rendered":"https:\/\/www.asesoria-cano.com\/avis-legal"},"modified":"2021-07-05T08:25:26","modified_gmt":"2021-07-05T08:25:26","slug":"avis-legal","status":"publish","type":"page","link":"https:\/\/www.asesoria-cano.com\/ca\/avis-legal","title":{"rendered":"Av\u00eds Legal"},"content":{"rendered":"\n<p>En compliment del que disposa l&#8217;article 10 de la Llei 34\/2002, de 11 de juliol, de Serveis de la Societat de la Informaci\u00f3 i de Comer\u00e7 Electr\u00f2nic (LSSICE), posem a la seva disposici\u00f3 la informaci\u00f3 general, que inclou les dades de identificaci\u00f3 de l&#8217;titular professional d&#8217;aquest lloc web: (asesoria-cano.com).<\/p>\n\n<p>Titular: Assessoria Cano Economistes i Advocats SL<br\/>CIF: B-50967504<br\/>Domicili Social: Rambla Catalunya 20, 1-1, 08007 Barcelona<br\/>Correu electr\u00f2nic: info@asesoria-cano.com<\/p>\n\n<p>A l&#8217;accedir a aquest lloc web, l&#8217;usuari es compromet a acceptar i aplicar tots els termes de el present Av\u00eds Legal.<\/p>\n\n<p>CONDICIONS GENERALS D&#8217;\u00daS:<\/p>\n\n<p>Les condicions generals d&#8217;\u00fas regulen els termes i condicions d&#8217;acc\u00e9s i \u00fas d&#8217;aquest lloc web, propietat de la persona titular, que l&#8217;usuari d&#8217;al portal ha de llegir i acceptar per a l&#8217;\u00fas dels serveis i informaci\u00f3 proporcionat des del portal. El fet d&#8217;accedir i \/ o utilitzar el portal, la totalitat o part dels seus continguts i \/ o serveis significa la plena acceptaci\u00f3 de les presents condicions generals d&#8217;\u00fas. Tamb\u00e9 regulen l&#8217;acc\u00e9s i \u00fas de l&#8217;portal, inclosos els continguts i serveis a disposici\u00f3 l&#8217;usuari ja sigui a trav\u00e9s de l&#8217;portal, per part dels seus usuaris o de tercers. No obstant aix\u00f2, l&#8217;acc\u00e9s i \u00fas de certs continguts i \/ o serveis pot estar subjecte a certes condicions espec\u00edfiques.<\/p>\n\n<p>El Propietari es reserva el dret de revisar el lloc web o impedir l&#8217;acc\u00e9s en qualsevol moment, aix\u00ed com el dret a prendre les mesures legals apropiades contra aquells que incompleixin les prohibicions enumerades a continuaci\u00f3:<\/p>\n\n<ul class=\"wp-block-list\"><li>Utilitzar qualsevol dels continguts i serveis d&#8217;aquest lloc web amb fins o efectes il\u00b7l\u00edcits, prohibits en el present Av\u00eds Legal, perjudicials per als drets i interessos de tercers, o que de qualsevol forma puguin danyar, inutilitzar, sobrecarregar, deteriorar o impedir l&#8217;\u00fas normal de serveis, equips inform\u00e0tics o documents, arxius i tota mena de continguts emmagatzemats en qualsevol equip inform\u00e0tic propi o contractat pel Titular.<\/li><li>Utilitzar continguts i serveis que estiguin protegits per qualsevol dret de propietat intel\u00b7lectual o industrial pertanyent a l&#8217;Titular oa tercers, sense que l&#8217;usuari hagi obtingut pr\u00e8viament dels seus titulars l&#8217;autoritzaci\u00f3 necess\u00e0ria per dur a terme l&#8217;\u00fas que faci o tingui intenci\u00f3 de realitzar.<\/li><li>Reproduir, copiar, distribuir, comunicar, transformar o modificar els continguts, llevat que tingui el perm\u00eds de l&#8217;titular dels drets corresponents o dels que estigui legalment perm\u00e8s.<\/li><li>Incorporar virus o altres elements f\u00edsics o electr\u00f2nics que puguin danyar o impedir el normal funcionament de la xarxa, sistema o equip inform\u00e0tic (hardware i software) de l&#8217;Titular o de tercers o que puguin danyar documents electr\u00f2nics i arxius emmagatzemats en aquests ordinadors.<\/li><li>Obtenir o fins i tot intentar obtenir els continguts, utilitzant mitjans o procediments diferents dels que, en funci\u00f3 de el cas, s&#8217;hagin posat a disposici\u00f3 a aquest efecte en general, dels que s&#8217;utilitzen habitualment a Internet per a aquest fi, sempre que no impliquin un risc de dany o incapacitat del Web, els Serveis i \/ o dels Continguts.<\/li><\/ul>\n<p>El Titular exclou, amb tota l&#8217;extensi\u00f3 permesa per l&#8217;ordenament jur\u00eddic, qualsevol responsabilitat per danys i perjudicis de qualsevol tipus que puguin deure a la transmissi\u00f3, difusi\u00f3, emmagatzematge, provisi\u00f3, recepci\u00f3, obtenci\u00f3 o acc\u00e9s als continguts, i en particular, encara no exclusivament, pels danys i perjudicis que puguin ocasionar-se.<\/p>\n\n<p>PROPIETAT INDUSTRIAL I INTEL\u00b7LECTUAL.<\/p>\n\n<p>Els continguts del lloc web asesoria-cano.com, s\u00f3n propietat de l&#8217;Titular.<\/p>\n\n<p>El nom i els seus s\u00edmbols s\u00f3n marques registrades. Altres productes o noms esmentats en aquest lloc web s\u00f3n o poden ser marques comercials registrades dels seus respectius propietaris.<\/p>\n\n<p>Els drets de propietat intel\u00b7lectual de l&#8217;web asesoria-cano.com, \u00e9s a dir, el disseny, codis font, logotips, marques, estructura de navegaci\u00f3, bases de dades i signes distintius que apareixen al lloc web s\u00f3n propietat de l&#8217;Titular i, per tant , estan protegits pels corresponents drets de propietat intel\u00b7lectual i industrial.<\/p>\n\n<p>En conseq\u00fc\u00e8ncia, el Titular t\u00e9 l&#8217;exercici exclusiu dels drets d&#8217;explotaci\u00f3 i, en particular, dels drets de reproducci\u00f3, distribuci\u00f3, comunicaci\u00f3 p\u00fablica i transformaci\u00f3.<\/p>\n\n<p>En conclusi\u00f3, queda prohibida la reproducci\u00f3, cessi\u00f3, distribuci\u00f3 o emmagatzematge dels continguts, ja sigui parcial o \u00edntegrament, per qualsevol mitj\u00e0, sense l&#8217;autoritzaci\u00f3 expressa de l&#8217;Titular i es reserva qualsevol dret que no s&#8217;hagi esmentat expl\u00edcitament.<\/p>\n\n<p>RESPONSABILITAT DELS CONTINGUTS<\/p>\n\n<p>El Titular es reserva el dret de modificar o eliminar en qualsevol moment i sense previ av\u00eds els continguts, serveis i informaci\u00f3 que es troben en aquest lloc web. En qualsevol cas, es recomana que les condicions d&#8217;\u00fas d&#8217;aquest portal siguin consultades peri\u00f2dicament ja que poden ser modificades.<\/p>\n\n<p>El Titular no pot garantir l&#8217;abs\u00e8ncia d&#8217;interrupcions o errors en l&#8217;acc\u00e9s a la Web o als seus continguts, ni que s&#8217;actualitzi. No obstant aix\u00f2, desplegar\u00e0 totes les accions necess\u00e0ries per actualitzar el contingut, resoldre errors i restaurar la comunicaci\u00f3, tan aviat com tingui coneixement de l&#8217;anomalia ocorreguda, sempre que no hi hagi causes que ho facin impossible o dif\u00edcil d&#8217;executar. Tampoc es fa responsable dels errors de seguretat que es puguin produir o dels danys i perjudicis que puguin ocasionar-se a el sistema inform\u00e0tic de l&#8217;Usuari o als arxius o documents emmagatzemats en el mateix, com a conseq\u00fc\u00e8ncia de: a) la pres\u00e8ncia d&#8217;un virus a l&#8217;ordinador de l&#8217;usuari que s&#8217;utilitzi per a la connexi\u00f3 amb els serveis i continguts del lloc web; b) un mal funcionament del navegador i c) l&#8217;\u00fas de versions no actualitzades d&#8217;navegador.<\/p>\n\n<p>El Propietari no es fa responsable de la legalitat dels llocs web de tercers des dels quals pugui accedir al nostre lloc web (enlla\u00e7os). Tampoc pot ser el cas de la legalitat de llocs web de tercers que puguin estar enlla\u00e7ats o enlla\u00e7ats des d&#8217;aquest portal, sempre que no estiguin relacionats amb el propi lloc web.<\/p>\n\n<p>El Titular no es fa responsable de l&#8217;\u00fas que tercers facin de la informaci\u00f3 que publiquin al seu lloc web, ni dels danys econ\u00f2mics, materials o de dades que, directament o indirectament, puguin patir per l&#8217;\u00fas d&#8217;aquesta informaci\u00f3.<\/p>\n\n<p>En el cas que qualsevol usuari, client o tercer consideri que la informaci\u00f3 o continguts d&#8217;aquest portal o de les p\u00e0gines possiblement vinculades a la mateixa s\u00f3n il\u00b7l\u00edcits o danyen la propietat o els drets d&#8217;l&#8217;usuari o d&#8217;un tercer, haur\u00e0 donar-lo a con\u00e8ixer a l&#8217;Titular en el correu electr\u00f2nic de contacte.<\/p>\n\n<p>REPRODUCCI\u00d3 DE CONTINGUTS<\/p>\n\n<p>Queda prohibida la reproducci\u00f3 total o parcial dels continguts publicats en aquest lloc web sense l&#8217;autoritzaci\u00f3 expressa de l&#8217;Titular.<\/p>\n\n<p>L&#8217;Usuari es compromet a utilitzar aquest lloc web, la seva informaci\u00f3 i continguts de conformitat amb el que disposa el present av\u00eds legal, sota els criteris de bona fe i, en qualsevol cas, respectant els principis d&#8217;\u00fas generalment acceptats sense contravenir l&#8217;ordre p\u00fablic i la legislaci\u00f3 vigent.<\/p>\n\n<p>Per tant, l&#8217;Usuari s&#8217;abstindr\u00e0 d&#8217;utilitzar qualsevol dels continguts amb fins o efectes il\u00b7l\u00edcits, prohibits en aquest av\u00eds legal, perjudicials per als drets i interessos de tercers o que de qualsevol forma puguin danyar, impossibilitar, sobrecarregar, deteriorar o impedir el normal \u00fas dels serveis inclosos al lloc web.<\/p>\n\n<p>Tant l&#8217;acc\u00e9s a l&#8217;portal com l&#8217;\u00fas no consensuat que es pugui realitzar \u00e9s responsabilitat exclusiva de l&#8217;Usuari que realitza aquesta conducta. El Propietari no ser\u00e0 responsable de cap conseq\u00fc\u00e8ncia, dany o perjudici que pugui sorgir d&#8217;aquest acc\u00e9s o \u00fas no autoritzat.<\/p>\n\n<p>LEGISLACI\u00d3 APLICABLE<\/p>\n\n<p>En cas de controv\u00e8rsia o conflicte d&#8217;interpretaci\u00f3 dels termes que constitueixen aquest av\u00eds legal, aix\u00ed com qualsevol q\u00fcesti\u00f3 relacionada amb els serveis d&#8217;aquest portal, es dirimir\u00e0 d&#8217;acord amb la legislaci\u00f3 espanyola en aquesta mat\u00e8ria.<\/p>\n","protected":false},"excerpt":{"rendered":"<p>En compliment del que disposa l&#8217;article 10 de la Llei 34\/2002, de 11 de juliol, de Serveis de la Societat de la Informaci\u00f3 i de Comer\u00e7 Electr\u00f2nic (LSSICE), posem a la seva disposici\u00f3 la informaci\u00f3 general, que inclou les dades de identificaci\u00f3 de l&#8217;titular professional d&#8217;aquest lloc web: (asesoria-cano.com). Titular: Assessoria Cano Economistes i Advocats [&hellip;]<\/p>\n","protected":false},"author":1,"featured_media":0,"parent":0,"menu_order":0,"comment_status":"closed","ping_status":"closed","template":"","meta":{"site-sidebar-layout":"default","site-content-layout":"default","ast-site-content-layout":"default","site-content-style":"default","site-sidebar-style":"default","ast-global-header-display":"","ast-banner-title-visibility":"","ast-main-header-display":"","ast-hfb-above-header-display":"","ast-hfb-below-header-display":"","ast-hfb-mobile-header-display":"","site-post-title":"","ast-breadcrumbs-content":"","ast-featured-img":"","footer-sml-layout":"","ast-disable-related-posts":"","theme-transparent-header-meta":"default","adv-header-id-meta":"","stick-header-meta":"","header-above-stick-meta":"","header-main-stick-meta":"","header-below-stick-meta":"","astra-migrate-meta-layouts":"default","ast-page-background-enabled":"default","ast-page-background-meta":{"desktop":{"background-color":"","background-image":"","background-repeat":"repeat","background-position":"center center","background-size":"auto","background-attachment":"scroll","background-type":"","background-media":"","overlay-type":"","overlay-color":"","overlay-opacity":"","overlay-gradient":""},"tablet":{"background-color":"","background-image":"","background-repeat":"repeat","background-position":"center center","background-size":"auto","background-attachment":"scroll","background-type":"","background-media":"","overlay-type":"","overlay-color":"","overlay-opacity":"","overlay-gradient":""},"mobile":{"background-color":"","background-image":"","background-repeat":"repeat","background-position":"center center","background-size":"auto","background-attachment":"scroll","background-type":"","background-media":"","overlay-type":"","overlay-color":"","overlay-opacity":"","overlay-gradient":""}},"ast-content-background-meta":{"desktop":{"background-color":"var(--ast-global-color-5)","background-image":"","background-repeat":"repeat","background-position":"center center","background-size":"auto","background-attachment":"scroll","background-type":"","background-media":"","overlay-type":"","overlay-color":"","overlay-opacity":"","overlay-gradient":""},"tablet":{"background-color":"var(--ast-global-color-5)","background-image":"","background-repeat":"repeat","background-position":"center center","background-size":"auto","background-attachment":"scroll","background-type":"","background-media":"","overlay-type":"","overlay-color":"","overlay-opacity":"","overlay-gradient":""},"mobile":{"background-color":"var(--ast-global-color-5)","background-image":"","background-repeat":"repeat","background-position":"center center","background-size":"auto","background-attachment":"scroll","background-type":"","background-media":"","overlay-type":"","overlay-color":"","overlay-opacity":"","overlay-gradient":""}},"footnotes":""},"class_list":["post-659","page","type-page","status-publish","hentry"],"_links":{"self":[{"href":"https:\/\/www.asesoria-cano.com\/ca\/wp-json\/wp\/v2\/pages\/659","targetHints":{"allow":["GET"]}}],"collection":[{"href":"https:\/\/www.asesoria-cano.com\/ca\/wp-json\/wp\/v2\/pages"}],"about":[{"href":"https:\/\/www.asesoria-cano.com\/ca\/wp-json\/wp\/v2\/types\/page"}],"author":[{"embeddable":true,"href":"https:\/\/www.asesoria-cano.com\/ca\/wp-json\/wp\/v2\/users\/1"}],"replies":[{"embeddable":true,"href":"https:\/\/www.asesoria-cano.com\/ca\/wp-json\/wp\/v2\/comments?post=659"}],"version-history":[{"count":4,"href":"https:\/\/www.asesoria-cano.com\/ca\/wp-json\/wp\/v2\/pages\/659\/revisions"}],"predecessor-version":[{"id":720,"href":"https:\/\/www.asesoria-cano.com\/ca\/wp-json\/wp\/v2\/pages\/659\/revisions\/720"}],"wp:attachment":[{"href":"https:\/\/www.asesoria-cano.com\/ca\/wp-json\/wp\/v2\/media?parent=659"}],"curies":[{"name":"wp","href":"https:\/\/api.w.org\/{rel}","templated":true}]}}