{"id":398,"date":"2020-12-29T16:26:45","date_gmt":"2020-12-29T16:26:45","guid":{"rendered":"https:\/\/ktk.idomkt.com\/AC\/nostra-firma"},"modified":"2021-06-11T09:21:32","modified_gmt":"2021-06-11T09:21:32","slug":"nostra-firma","status":"publish","type":"page","link":"https:\/\/www.asesoria-cano.com\/ca\/nostra-firma","title":{"rendered":"La nostra Firma"},"content":{"rendered":"\t\t<div data-elementor-type=\"wp-page\" data-elementor-id=\"398\" class=\"elementor elementor-398 elementor-23\" data-elementor-post-type=\"page\">\n\t\t\t\t\t\t<section class=\"elementor-section elementor-top-section elementor-element elementor-element-37d2e4d elementor-section-height-min-height elementor-section-content-middle elementor-section-stretched elementor-section-boxed elementor-section-height-default elementor-section-items-middle\" data-id=\"37d2e4d\" data-element_type=\"section\" data-e-type=\"section\" data-settings=\"{&quot;background_background&quot;:&quot;classic&quot;,&quot;stretch_section&quot;:&quot;section-stretched&quot;,&quot;background_motion_fx_motion_fx_scrolling&quot;:&quot;yes&quot;,&quot;background_motion_fx_translateY_effect&quot;:&quot;yes&quot;,&quot;background_motion_fx_translateY_affectedRange&quot;:{&quot;unit&quot;:&quot;%&quot;,&quot;size&quot;:&quot;&quot;,&quot;sizes&quot;:{&quot;start&quot;:20,&quot;end&quot;:80}},&quot;background_motion_fx_translateY_speed&quot;:{&quot;unit&quot;:&quot;px&quot;,&quot;size&quot;:4,&quot;sizes&quot;:[]},&quot;background_motion_fx_devices&quot;:[&quot;desktop&quot;,&quot;tablet&quot;,&quot;mobile&quot;]}\">\n\t\t\t\t\t\t<div class=\"elementor-container elementor-column-gap-default\">\n\t\t\t\t\t<div class=\"elementor-column elementor-col-50 elementor-top-column elementor-element elementor-element-9da5620\" data-id=\"9da5620\" data-element_type=\"column\" data-e-type=\"column\" data-settings=\"{&quot;background_background&quot;:&quot;classic&quot;}\">\n\t\t\t<div class=\"elementor-widget-wrap elementor-element-populated\">\n\t\t\t\t\t\t<section class=\"elementor-section elementor-inner-section elementor-element elementor-element-455d345 elementor-section-boxed elementor-section-height-default elementor-section-height-default\" data-id=\"455d345\" data-element_type=\"section\" data-e-type=\"section\" data-settings=\"{&quot;background_background&quot;:&quot;classic&quot;}\">\n\t\t\t\t\t\t<div class=\"elementor-container elementor-column-gap-default\">\n\t\t\t\t\t<div class=\"elementor-column elementor-col-100 elementor-inner-column elementor-element elementor-element-d43c836\" data-id=\"d43c836\" data-element_type=\"column\" data-e-type=\"column\">\n\t\t\t<div class=\"elementor-widget-wrap elementor-element-populated\">\n\t\t\t\t\t\t<div class=\"elementor-element elementor-element-2f11287 elementor-widget elementor-widget-text-editor\" data-id=\"2f11287\" data-element_type=\"widget\" data-e-type=\"widget\" data-widget_type=\"text-editor.default\">\n\t\t\t\t<div class=\"elementor-widget-container\">\n\t\t\t\t\t\t\t\t\t<h1><span style=\"color: #066bb6;\">La nostra firma<\/span><\/h1>\n<p>Amb m\u00e9s de 25 anys d&#8217;experi\u00e8ncia en l&#8217;assessorament d&#8217;empreses i particulars, la nostra renovada firma s&#8217;esfor\u00e7a di\u00e0riament per oferir als seus clients, des de la nostra seu al mateix centre de Barcelona, els serveis professionals d&#8217;assessorament fiscal, laboral, jur\u00eddic &#8211; mercantil i financer &#8211; comptable.<\/p>\n<h2><span style=\"color: #066bb6;\">Equip<\/span><\/h2>\n<p>El nostre equip, format per professionals col\u00b7legiats en els seus respectius col\u00b7legis professionals, desenvolupa el seu treball en un entorn de formaci\u00f3 continuada. Col\u00b7laboren tamb\u00e9 amb el despatx, professionals de diferents \u00e0mbits de l&#8217;m\u00f3n empresarial, amb la finalitat de poder donar, en tot moment, un assessorament integral als nostres clients.<\/p>\n<h2><span style=\"color: #066bb6;\">Objectiu<\/span><\/h2>\n<p>L&#8217;objectiu del nostre despatx \u00e9s, a trav\u00e9s d&#8217;una comunicaci\u00f3 directa i intensa, aportar valor als nostres clients en la presa de les seves decisions empresarials i personals, tant si es tracta de Grans Empreses, PIME o Emprenedors.<\/p>\n<h2><span style=\"color: #066bb6;\">Filosofia<\/span><\/h2>\n<p>Per aconseguir-ho, la nostra filosofia de treball gira entorn de tres pilars fonamentals:<\/p>\n<ul>\n<li>Qualitat i efici\u00e8ncia en el servei a prestar.<\/li>\n<li>Comprom\u00eds amb el client.<\/li>\n<li>\u00c8tica professional.<\/li>\n<\/ul>\n\t\t\t\t\t\t\t\t<\/div>\n\t\t\t\t<\/div>\n\t\t\t\t\t<\/div>\n\t\t<\/div>\n\t\t\t\t\t<\/div>\n\t\t<\/section>\n\t\t\t\t\t<\/div>\n\t\t<\/div>\n\t\t\t\t<div class=\"elementor-column elementor-col-50 elementor-top-column elementor-element elementor-element-00818d7\" data-id=\"00818d7\" data-element_type=\"column\" data-e-type=\"column\">\n\t\t\t<div class=\"elementor-widget-wrap elementor-element-populated\">\n\t\t\t\t\t\t<div class=\"elementor-element elementor-element-8856417 elementor-nav-menu__align-start elementor-nav-menu--dropdown-none elementor-widget elementor-widget-nav-menu\" data-id=\"8856417\" data-element_type=\"widget\" data-e-type=\"widget\" data-settings=\"{&quot;layout&quot;:&quot;vertical&quot;,&quot;submenu_icon&quot;:{&quot;value&quot;:&quot;&lt;i aria-hidden=\\&quot;true\\&quot; class=\\&quot;\\&quot;&gt;&lt;\\\/i&gt;&quot;,&quot;library&quot;:&quot;&quot;}}\" data-widget_type=\"nav-menu.default\">\n\t\t\t\t<div class=\"elementor-widget-container\">\n\t\t\t\t\t\t\t\t<nav aria-label=\"Menu\" class=\"elementor-nav-menu--main elementor-nav-menu__container elementor-nav-menu--layout-vertical e--pointer-none\">\n\t\t\t\t<ul id=\"menu-1-8856417\" class=\"elementor-nav-menu sm-vertical\"><li class=\"menu-lateral menu-item menu-item-type-post_type menu-item-object-page menu-item-638\"><a href=\"https:\/\/www.asesoria-cano.com\/ca\/fiscal\" class=\"elementor-item menu-link\">Fiscal<\/a><\/li>\n<li class=\"menu-lateral menu-item menu-item-type-post_type menu-item-object-page menu-item-639\"><a href=\"https:\/\/www.asesoria-cano.com\/ca\/laboral\" class=\"elementor-item menu-link\">Laboral<\/a><\/li>\n<li class=\"menu-lateral menu-item menu-item-type-post_type menu-item-object-page menu-item-640\"><a href=\"https:\/\/www.asesoria-cano.com\/ca\/juridic-mercantil\" class=\"elementor-item menu-link\">Jur\u00eddic \u2013 Mercantil<\/a><\/li>\n<li class=\"menu-lateral menu-item menu-item-type-post_type menu-item-object-page menu-item-641\"><a href=\"https:\/\/www.asesoria-cano.com\/ca\/financer-comptable\" class=\"elementor-item menu-link\">Financera \u2013 Comptable<\/a><\/li>\n<\/ul>\t\t\t<\/nav>\n\t\t\t\t\t\t<nav class=\"elementor-nav-menu--dropdown elementor-nav-menu__container\" aria-hidden=\"true\">\n\t\t\t\t<ul id=\"menu-2-8856417\" class=\"elementor-nav-menu sm-vertical\"><li class=\"menu-lateral menu-item menu-item-type-post_type menu-item-object-page menu-item-638\"><a href=\"https:\/\/www.asesoria-cano.com\/ca\/fiscal\" class=\"elementor-item menu-link\" tabindex=\"-1\">Fiscal<\/a><\/li>\n<li class=\"menu-lateral menu-item menu-item-type-post_type menu-item-object-page menu-item-639\"><a href=\"https:\/\/www.asesoria-cano.com\/ca\/laboral\" class=\"elementor-item menu-link\" tabindex=\"-1\">Laboral<\/a><\/li>\n<li class=\"menu-lateral menu-item menu-item-type-post_type menu-item-object-page menu-item-640\"><a href=\"https:\/\/www.asesoria-cano.com\/ca\/juridic-mercantil\" class=\"elementor-item menu-link\" tabindex=\"-1\">Jur\u00eddic \u2013 Mercantil<\/a><\/li>\n<li class=\"menu-lateral menu-item menu-item-type-post_type menu-item-object-page menu-item-641\"><a href=\"https:\/\/www.asesoria-cano.com\/ca\/financer-comptable\" class=\"elementor-item menu-link\" tabindex=\"-1\">Financera \u2013 Comptable<\/a><\/li>\n<\/ul>\t\t\t<\/nav>\n\t\t\t\t\t\t<\/div>\n\t\t\t\t<\/div>\n\t\t\t\t\t<\/div>\n\t\t<\/div>\n\t\t\t\t\t<\/div>\n\t\t<\/section>\n\t\t\t\t<\/div>\n\t\t","protected":false},"excerpt":{"rendered":"<p>La nostra firma Amb m\u00e9s de 25 anys d&#8217;experi\u00e8ncia en l&#8217;assessorament d&#8217;empreses i particulars, la nostra renovada firma s&#8217;esfor\u00e7a di\u00e0riament per oferir als seus clients, des de la nostra seu al mateix centre de Barcelona, els serveis professionals d&#8217;assessorament fiscal, laboral, jur\u00eddic &#8211; mercantil i financer &#8211; comptable. Equip El nostre equip, format per professionals [&hellip;]<\/p>\n","protected":false},"author":1,"featured_media":0,"parent":0,"menu_order":0,"comment_status":"closed","ping_status":"closed","template":"","meta":{"site-sidebar-layout":"no-sidebar","site-content-layout":"page-builder","ast-site-content-layout":"default","site-content-style":"default","site-sidebar-style":"default","ast-global-header-display":"","ast-banner-title-visibility":"","ast-main-header-display":"","ast-hfb-above-header-display":"","ast-hfb-below-header-display":"","ast-hfb-mobile-header-display":"","site-post-title":"disabled","ast-breadcrumbs-content":"","ast-featured-img":"disabled","footer-sml-layout":"","ast-disable-related-posts":"","theme-transparent-header-meta":"default","adv-header-id-meta":"","stick-header-meta":"","header-above-stick-meta":"","header-main-stick-meta":"","header-below-stick-meta":"","astra-migrate-meta-layouts":"default","ast-page-background-enabled":"default","ast-page-background-meta":{"desktop":{"background-color":"","background-image":"","background-repeat":"repeat","background-position":"center center","background-size":"auto","background-attachment":"scroll","background-type":"","background-media":"","overlay-type":"","overlay-color":"","overlay-opacity":"","overlay-gradient":""},"tablet":{"background-color":"","background-image":"","background-repeat":"repeat","background-position":"center center","background-size":"auto","background-attachment":"scroll","background-type":"","background-media":"","overlay-type":"","overlay-color":"","overlay-opacity":"","overlay-gradient":""},"mobile":{"background-color":"","background-image":"","background-repeat":"repeat","background-position":"center center","background-size":"auto","background-attachment":"scroll","background-type":"","background-media":"","overlay-type":"","overlay-color":"","overlay-opacity":"","overlay-gradient":""}},"ast-content-background-meta":{"desktop":{"background-color":"var(--ast-global-color-5)","background-image":"","background-repeat":"repeat","background-position":"center center","background-size":"auto","background-attachment":"scroll","background-type":"","background-media":"","overlay-type":"","overlay-color":"","overlay-opacity":"","overlay-gradient":""},"tablet":{"background-color":"var(--ast-global-color-5)","background-image":"","background-repeat":"repeat","background-position":"center center","background-size":"auto","background-attachment":"scroll","background-type":"","background-media":"","overlay-type":"","overlay-color":"","overlay-opacity":"","overlay-gradient":""},"mobile":{"background-color":"var(--ast-global-color-5)","background-image":"","background-repeat":"repeat","background-position":"center center","background-size":"auto","background-attachment":"scroll","background-type":"","background-media":"","overlay-type":"","overlay-color":"","overlay-opacity":"","overlay-gradient":""}},"footnotes":""},"class_list":["post-398","page","type-page","status-publish","hentry"],"_links":{"self":[{"href":"https:\/\/www.asesoria-cano.com\/ca\/wp-json\/wp\/v2\/pages\/398","targetHints":{"allow":["GET"]}}],"collection":[{"href":"https:\/\/www.asesoria-cano.com\/ca\/wp-json\/wp\/v2\/pages"}],"about":[{"href":"https:\/\/www.asesoria-cano.com\/ca\/wp-json\/wp\/v2\/types\/page"}],"author":[{"embeddable":true,"href":"https:\/\/www.asesoria-cano.com\/ca\/wp-json\/wp\/v2\/users\/1"}],"replies":[{"embeddable":true,"href":"https:\/\/www.asesoria-cano.com\/ca\/wp-json\/wp\/v2\/comments?post=398"}],"version-history":[{"count":2,"href":"https:\/\/www.asesoria-cano.com\/ca\/wp-json\/wp\/v2\/pages\/398\/revisions"}],"predecessor-version":[{"id":649,"href":"https:\/\/www.asesoria-cano.com\/ca\/wp-json\/wp\/v2\/pages\/398\/revisions\/649"}],"wp:attachment":[{"href":"https:\/\/www.asesoria-cano.com\/ca\/wp-json\/wp\/v2\/media?parent=398"}],"curies":[{"name":"wp","href":"https:\/\/api.w.org\/{rel}","templated":true}]}}