{"id":378,"date":"2020-12-29T17:34:01","date_gmt":"2020-12-29T17:34:01","guid":{"rendered":"https:\/\/ktk.idomkt.com\/AC\/home"},"modified":"2021-06-10T11:15:31","modified_gmt":"2021-06-10T11:15:31","slug":"home","status":"publish","type":"page","link":"https:\/\/www.asesoria-cano.com\/ca","title":{"rendered":"Home"},"content":{"rendered":"\t\t<div data-elementor-type=\"wp-page\" data-elementor-id=\"378\" class=\"elementor elementor-378 elementor-76\" data-elementor-post-type=\"page\">\n\t\t\t\t\t\t<section class=\"elementor-section elementor-top-section elementor-element elementor-element-4c381aa elementor-section-height-min-height elementor-section-content-middle elementor-section-boxed elementor-section-height-default elementor-section-items-middle\" data-id=\"4c381aa\" data-element_type=\"section\" data-e-type=\"section\" data-settings=\"{&quot;background_background&quot;:&quot;classic&quot;}\">\n\t\t\t\t\t\t<div class=\"elementor-container elementor-column-gap-default\">\n\t\t\t\t\t<div class=\"elementor-column elementor-col-50 elementor-top-column elementor-element elementor-element-47a53f1\" data-id=\"47a53f1\" data-element_type=\"column\" data-e-type=\"column\">\n\t\t\t<div class=\"elementor-widget-wrap elementor-element-populated\">\n\t\t\t\t\t\t<div class=\"elementor-element elementor-element-1c5fa9b elementor-widget elementor-widget-heading\" data-id=\"1c5fa9b\" data-element_type=\"widget\" data-e-type=\"widget\" data-widget_type=\"heading.default\">\n\t\t\t\t<div class=\"elementor-widget-container\">\n\t\t\t\t\t<h1 class=\"elementor-heading-title elementor-size-default\">Economistes i advocats amb<br>\nm\u00e9s de 25 anys assessorant<br>\nempreses i particulars en les<br>\n\u00e0rees Fiscal, Laboral i Jur\u00eddica<\/h1>\t\t\t\t<\/div>\n\t\t\t\t<\/div>\n\t\t\t\t\t<\/div>\n\t\t<\/div>\n\t\t\t\t<div class=\"elementor-column elementor-col-50 elementor-top-column elementor-element elementor-element-2e37d64\" data-id=\"2e37d64\" data-element_type=\"column\" data-e-type=\"column\">\n\t\t\t<div class=\"elementor-widget-wrap elementor-element-populated\">\n\t\t\t\t\t\t<div class=\"elementor-element elementor-element-870b4dc elementor-nav-menu__align-start elementor-nav-menu--dropdown-none elementor-widget elementor-widget-nav-menu\" data-id=\"870b4dc\" data-element_type=\"widget\" data-e-type=\"widget\" data-settings=\"{&quot;layout&quot;:&quot;vertical&quot;,&quot;submenu_icon&quot;:{&quot;value&quot;:&quot;&lt;i aria-hidden=\\&quot;true\\&quot; class=\\&quot;\\&quot;&gt;&lt;\\\/i&gt;&quot;,&quot;library&quot;:&quot;&quot;}}\" data-widget_type=\"nav-menu.default\">\n\t\t\t\t<div class=\"elementor-widget-container\">\n\t\t\t\t\t\t\t\t<nav aria-label=\"Menu\" class=\"elementor-nav-menu--main elementor-nav-menu__container elementor-nav-menu--layout-vertical e--pointer-none\">\n\t\t\t\t<ul id=\"menu-1-870b4dc\" class=\"elementor-nav-menu sm-vertical\"><li class=\"menu-lateral menu-item menu-item-type-post_type menu-item-object-page menu-item-638\"><a href=\"https:\/\/www.asesoria-cano.com\/ca\/fiscal\" class=\"elementor-item menu-link\">Fiscal<\/a><\/li>\n<li class=\"menu-lateral menu-item menu-item-type-post_type menu-item-object-page menu-item-639\"><a href=\"https:\/\/www.asesoria-cano.com\/ca\/laboral\" class=\"elementor-item menu-link\">Laboral<\/a><\/li>\n<li class=\"menu-lateral menu-item menu-item-type-post_type menu-item-object-page menu-item-640\"><a href=\"https:\/\/www.asesoria-cano.com\/ca\/juridic-mercantil\" class=\"elementor-item menu-link\">Jur\u00eddic \u2013 Mercantil<\/a><\/li>\n<li class=\"menu-lateral menu-item menu-item-type-post_type menu-item-object-page menu-item-641\"><a href=\"https:\/\/www.asesoria-cano.com\/ca\/financer-comptable\" class=\"elementor-item menu-link\">Financera \u2013 Comptable<\/a><\/li>\n<\/ul>\t\t\t<\/nav>\n\t\t\t\t\t\t<nav class=\"elementor-nav-menu--dropdown elementor-nav-menu__container\" aria-hidden=\"true\">\n\t\t\t\t<ul id=\"menu-2-870b4dc\" class=\"elementor-nav-menu sm-vertical\"><li class=\"menu-lateral menu-item menu-item-type-post_type menu-item-object-page menu-item-638\"><a href=\"https:\/\/www.asesoria-cano.com\/ca\/fiscal\" class=\"elementor-item menu-link\" tabindex=\"-1\">Fiscal<\/a><\/li>\n<li class=\"menu-lateral menu-item menu-item-type-post_type menu-item-object-page menu-item-639\"><a href=\"https:\/\/www.asesoria-cano.com\/ca\/laboral\" class=\"elementor-item menu-link\" tabindex=\"-1\">Laboral<\/a><\/li>\n<li class=\"menu-lateral menu-item menu-item-type-post_type menu-item-object-page menu-item-640\"><a href=\"https:\/\/www.asesoria-cano.com\/ca\/juridic-mercantil\" class=\"elementor-item menu-link\" tabindex=\"-1\">Jur\u00eddic \u2013 Mercantil<\/a><\/li>\n<li class=\"menu-lateral menu-item menu-item-type-post_type menu-item-object-page menu-item-641\"><a href=\"https:\/\/www.asesoria-cano.com\/ca\/financer-comptable\" class=\"elementor-item menu-link\" tabindex=\"-1\">Financera \u2013 Comptable<\/a><\/li>\n<\/ul>\t\t\t<\/nav>\n\t\t\t\t\t\t<\/div>\n\t\t\t\t<\/div>\n\t\t\t\t\t<\/div>\n\t\t<\/div>\n\t\t\t\t\t<\/div>\n\t\t<\/section>\n\t\t\t\t<\/div>\n\t\t","protected":false},"excerpt":{"rendered":"<p>Economistes i advocats amb m\u00e9s de 25 anys assessorant empreses i particulars en les \u00e0rees Fiscal, Laboral i Jur\u00eddica<\/p>\n","protected":false},"author":1,"featured_media":0,"parent":0,"menu_order":0,"comment_status":"closed","ping_status":"closed","template":"","meta":{"site-sidebar-layout":"no-sidebar","site-content-layout":"page-builder","ast-site-content-layout":"default","site-content-style":"default","site-sidebar-style":"default","ast-global-header-display":"","ast-banner-title-visibility":"","ast-main-header-display":"","ast-hfb-above-header-display":"","ast-hfb-below-header-display":"","ast-hfb-mobile-header-display":"","site-post-title":"disabled","ast-breadcrumbs-content":"","ast-featured-img":"disabled","footer-sml-layout":"","ast-disable-related-posts":"","theme-transparent-header-meta":"default","adv-header-id-meta":"","stick-header-meta":"","header-above-stick-meta":"","header-main-stick-meta":"","header-below-stick-meta":"","astra-migrate-meta-layouts":"default","ast-page-background-enabled":"default","ast-page-background-meta":{"desktop":{"background-color":"","background-image":"","background-repeat":"repeat","background-position":"center center","background-size":"auto","background-attachment":"scroll","background-type":"","background-media":"","overlay-type":"","overlay-color":"","overlay-opacity":"","overlay-gradient":""},"tablet":{"background-color":"","background-image":"","background-repeat":"repeat","background-position":"center center","background-size":"auto","background-attachment":"scroll","background-type":"","background-media":"","overlay-type":"","overlay-color":"","overlay-opacity":"","overlay-gradient":""},"mobile":{"background-color":"","background-image":"","background-repeat":"repeat","background-position":"center center","background-size":"auto","background-attachment":"scroll","background-type":"","background-media":"","overlay-type":"","overlay-color":"","overlay-opacity":"","overlay-gradient":""}},"ast-content-background-meta":{"desktop":{"background-color":"var(--ast-global-color-5)","background-image":"","background-repeat":"repeat","background-position":"center center","background-size":"auto","background-attachment":"scroll","background-type":"","background-media":"","overlay-type":"","overlay-color":"","overlay-opacity":"","overlay-gradient":""},"tablet":{"background-color":"var(--ast-global-color-5)","background-image":"","background-repeat":"repeat","background-position":"center center","background-size":"auto","background-attachment":"scroll","background-type":"","background-media":"","overlay-type":"","overlay-color":"","overlay-opacity":"","overlay-gradient":""},"mobile":{"background-color":"var(--ast-global-color-5)","background-image":"","background-repeat":"repeat","background-position":"center center","background-size":"auto","background-attachment":"scroll","background-type":"","background-media":"","overlay-type":"","overlay-color":"","overlay-opacity":"","overlay-gradient":""}},"footnotes":""},"class_list":["post-378","page","type-page","status-publish","hentry"],"_links":{"self":[{"href":"https:\/\/www.asesoria-cano.com\/ca\/wp-json\/wp\/v2\/pages\/378","targetHints":{"allow":["GET"]}}],"collection":[{"href":"https:\/\/www.asesoria-cano.com\/ca\/wp-json\/wp\/v2\/pages"}],"about":[{"href":"https:\/\/www.asesoria-cano.com\/ca\/wp-json\/wp\/v2\/types\/page"}],"author":[{"embeddable":true,"href":"https:\/\/www.asesoria-cano.com\/ca\/wp-json\/wp\/v2\/users\/1"}],"replies":[{"embeddable":true,"href":"https:\/\/www.asesoria-cano.com\/ca\/wp-json\/wp\/v2\/comments?post=378"}],"version-history":[{"count":1,"href":"https:\/\/www.asesoria-cano.com\/ca\/wp-json\/wp\/v2\/pages\/378\/revisions"}],"predecessor-version":[{"id":600,"href":"https:\/\/www.asesoria-cano.com\/ca\/wp-json\/wp\/v2\/pages\/378\/revisions\/600"}],"wp:attachment":[{"href":"https:\/\/www.asesoria-cano.com\/ca\/wp-json\/wp\/v2\/media?parent=378"}],"curies":[{"name":"wp","href":"https:\/\/api.w.org\/{rel}","templated":true}]}}