{"id":372,"date":"2020-12-29T16:30:09","date_gmt":"2020-12-29T16:30:09","guid":{"rendered":"https:\/\/ktk.idomkt.com\/AC\/fiscal"},"modified":"2021-06-10T10:57:19","modified_gmt":"2021-06-10T10:57:19","slug":"fiscal","status":"publish","type":"page","link":"https:\/\/www.asesoria-cano.com\/ca\/fiscal","title":{"rendered":"Fiscal"},"content":{"rendered":"\t\t<div data-elementor-type=\"wp-page\" data-elementor-id=\"372\" class=\"elementor elementor-372 elementor-39\" data-elementor-post-type=\"page\">\n\t\t\t\t\t\t<section class=\"elementor-section elementor-top-section elementor-element elementor-element-6982251b elementor-section-content-middle elementor-section-stretched elementor-section-boxed elementor-section-height-default elementor-section-height-default\" data-id=\"6982251b\" data-element_type=\"section\" data-e-type=\"section\" data-settings=\"{&quot;background_background&quot;:&quot;classic&quot;,&quot;stretch_section&quot;:&quot;section-stretched&quot;,&quot;background_motion_fx_motion_fx_scrolling&quot;:&quot;yes&quot;,&quot;background_motion_fx_translateY_effect&quot;:&quot;yes&quot;,&quot;background_motion_fx_translateY_affectedRange&quot;:{&quot;unit&quot;:&quot;%&quot;,&quot;size&quot;:&quot;&quot;,&quot;sizes&quot;:{&quot;start&quot;:20,&quot;end&quot;:100}},&quot;background_motion_fx_translateY_speed&quot;:{&quot;unit&quot;:&quot;px&quot;,&quot;size&quot;:5.7,&quot;sizes&quot;:[]},&quot;background_motion_fx_devices&quot;:[&quot;desktop&quot;,&quot;tablet&quot;,&quot;mobile&quot;]}\">\n\t\t\t\t\t\t<div class=\"elementor-container elementor-column-gap-default\">\n\t\t\t\t\t<div class=\"elementor-column elementor-col-50 elementor-top-column elementor-element elementor-element-20543f47\" data-id=\"20543f47\" data-element_type=\"column\" data-e-type=\"column\" data-settings=\"{&quot;background_background&quot;:&quot;classic&quot;}\">\n\t\t\t<div class=\"elementor-widget-wrap elementor-element-populated\">\n\t\t\t\t\t\t<section class=\"elementor-section elementor-inner-section elementor-element elementor-element-1f0eda93 elementor-section-boxed elementor-section-height-default elementor-section-height-default\" data-id=\"1f0eda93\" data-element_type=\"section\" data-e-type=\"section\" data-settings=\"{&quot;background_background&quot;:&quot;classic&quot;}\">\n\t\t\t\t\t\t<div class=\"elementor-container elementor-column-gap-default\">\n\t\t\t\t\t<div class=\"elementor-column elementor-col-100 elementor-inner-column elementor-element elementor-element-591c0137\" data-id=\"591c0137\" data-element_type=\"column\" data-e-type=\"column\">\n\t\t\t<div class=\"elementor-widget-wrap elementor-element-populated\">\n\t\t\t\t\t\t<div class=\"elementor-element elementor-element-5b2bf901 elementor-widget elementor-widget-text-editor\" data-id=\"5b2bf901\" data-element_type=\"widget\" data-e-type=\"widget\" data-widget_type=\"text-editor.default\">\n\t\t\t\t<div class=\"elementor-widget-container\">\n\t\t\t\t\t\t\t\t\t<h1><span style=\"color: #066bb6;\">\u00c0rea fiscal <\/span><\/h1>\n<p>La comunicaci\u00f3 directa i permanent amb el client ens ajuda a con\u00e8ixer les oportunitats i riscos en mat\u00e8ria tribut\u00e0ria, el que ens permet oferir-li aquelles alternatives per optimitzar la seva &#8220;factura fiscal&#8221;, ajustada a la legalitat vigent en cada moment.<\/p>\n<h2><span style=\"color: #066bb6;\">Planificaci\u00f3 fiscal<\/span><\/h2>\n<ul>\n<li>Fiscalitat de l&#8217;Empresa Familiar.<\/li>\n<li>Gesti\u00f3 Fiscal de Patrimonis.<\/li>\n<\/ul>\n<h2><span style=\"color: #066bb6;\">Assessorament i formalitzaci\u00f3 de declaracions<\/span><\/h2>\n<p>Assessorament i formalitzaci\u00f3 de tot tipus de declaracions (estatals, auton\u00f2miques i locals) tant de persones f\u00edsiques, jur\u00eddiques o un altre tipus d&#8217;entitats (societats civils, fundacions, cooperatives, etc.):<\/p>\n<ul>\n<li> Impost sobre la Renda de les Persones F\u00edsiques (IRPF).<\/li>\n<li> Impost sobre Societats (IS).<\/li>\n<li> Impost sobre el Valor Afegit (IVA).<\/li>\n<li> Impost sobre Transmissions Patrimonials i Actes Jur\u00eddics Documentats (ITPyAJD).<\/li>\n<li> Impost sobre Successions i Donacions (ISD).<\/li>\n<li> Tributs locals (IBI, Plusv\u00e0lua Municipal, etc.).<\/li>\n<li>Declaracions relacionades amb les Operacions Intracomunit\u00e0ries.<\/li>\n<\/ul>\n<h2><span style=\"color: #066bb6;\">Assessorament i tramitaci\u00f3 en tot tipus de Procediments Tributaris<\/span><\/h2>\n<ul>\n<li>Procediments de Gesti\u00f3 Tribut\u00e0ria. Entre d&#8217;altres:<\/li>\n<li><span style=\"font-size: 15px; color: var( --e-global-color-text ); font-family: var( --e-global-typography-text-font-family ), Sans-serif;\">Altes, modificacions i baixes en censos tributaris.<\/span><\/li>\n<li> Requeriments de l&#8217;Administraci\u00f3.<\/li>\n<li> Comprovacions tribut\u00e0ries.<\/li>\n<li> Procediments de recaptaci\u00f3. Entre d&#8217;altres:<\/li>\n<li> Ajornaments i Fraccionaments.<\/li>\n<li> Constrenyiments.<\/li>\n<li> Embargaments.<\/li>\n<li> Derivacions de Responsabilitat.<\/li>\n<li> Procediments d&#8217;Inspecci\u00f3 Tribut\u00e0ria.<\/li>\n<li> Inspeccions tribut\u00e0ries<\/li>\n<li> Procediments en via administrativa.<\/li>\n<li> Reclamacions Econ\u00f2mic &#8211; Administratives<\/li>\n<\/ul>\n<h2><span style=\"color: #066bb6;\">fiscalitat Internacional<\/span><\/h2>\n<ul>\n<li> De grups internacionals (relacions matriu &#8211; filial).<\/li>\n<li> De Persones Jur\u00eddiques.<\/li>\n<li> De Persones F\u00edsiques:<\/li>\n<li> Expatriats.<\/li>\n<li> Impatriats.<\/li>\n<li> B\u00e9ns a l&#8217;estranger.<\/li>\n<\/ul>\n<h2><span style=\"color: #066bb6;\">Auditoria Fiscal i Control Intern<\/span><\/h2>\n<ul>\n<li> Avaluaci\u00f3 de l&#8217;acompliment de les obligacions tribut\u00e0ries de la societat.<\/li>\n<li> Avaluaci\u00f3 de les conting\u00e8ncies fiscals de la societat.<\/li>\n<li> Implantaci\u00f3 i seguiment de l&#8217;Control Intern com a sistema de detecci\u00f3 i prevenci\u00f3 de possibles conting\u00e8ncies fiscals.<\/li>\n<\/ul>\n<h2><span style=\"color: #066bb6;\">Circulars informatives peri\u00f2diques de novetats fiscals<\/span><\/h2>\n<div class=\"separador-responsable\"><\/div>\n<p class=\"p-destacat\">responsable:<span class=\"nom-responsable\" style=\"color: #066bb6;\"> Ignasi Montoya Roldan (Economista)<\/span><\/p>\n\t\t\t\t\t\t\t\t<\/div>\n\t\t\t\t<\/div>\n\t\t\t\t\t<\/div>\n\t\t<\/div>\n\t\t\t\t\t<\/div>\n\t\t<\/section>\n\t\t\t\t\t<\/div>\n\t\t<\/div>\n\t\t\t\t<div class=\"elementor-column elementor-col-50 elementor-top-column elementor-element elementor-element-110c54d4\" data-id=\"110c54d4\" data-element_type=\"column\" data-e-type=\"column\">\n\t\t\t<div class=\"elementor-widget-wrap elementor-element-populated\">\n\t\t\t\t\t\t<div class=\"elementor-element elementor-element-a9bee77 elementor-nav-menu__align-start elementor-nav-menu--dropdown-none elementor-widget elementor-widget-nav-menu\" data-id=\"a9bee77\" data-element_type=\"widget\" data-e-type=\"widget\" data-settings=\"{&quot;layout&quot;:&quot;vertical&quot;,&quot;submenu_icon&quot;:{&quot;value&quot;:&quot;&lt;i aria-hidden=\\&quot;true\\&quot; class=\\&quot;\\&quot;&gt;&lt;\\\/i&gt;&quot;,&quot;library&quot;:&quot;&quot;}}\" data-widget_type=\"nav-menu.default\">\n\t\t\t\t<div class=\"elementor-widget-container\">\n\t\t\t\t\t\t\t\t<nav aria-label=\"Menu\" class=\"elementor-nav-menu--main elementor-nav-menu__container elementor-nav-menu--layout-vertical e--pointer-none\">\n\t\t\t\t<ul id=\"menu-1-a9bee77\" class=\"elementor-nav-menu sm-vertical\"><li class=\"menu-lateral menu-item menu-item-type-post_type menu-item-object-page menu-item-638\"><a href=\"https:\/\/www.asesoria-cano.com\/ca\/fiscal\" class=\"elementor-item menu-link\">Fiscal<\/a><\/li>\n<li class=\"menu-lateral menu-item menu-item-type-post_type menu-item-object-page menu-item-639\"><a href=\"https:\/\/www.asesoria-cano.com\/ca\/laboral\" class=\"elementor-item menu-link\">Laboral<\/a><\/li>\n<li class=\"menu-lateral menu-item menu-item-type-post_type menu-item-object-page menu-item-640\"><a href=\"https:\/\/www.asesoria-cano.com\/ca\/juridic-mercantil\" class=\"elementor-item menu-link\">Jur\u00eddic \u2013 Mercantil<\/a><\/li>\n<li class=\"menu-lateral menu-item menu-item-type-post_type menu-item-object-page menu-item-641\"><a href=\"https:\/\/www.asesoria-cano.com\/ca\/financer-comptable\" class=\"elementor-item menu-link\">Financera \u2013 Comptable<\/a><\/li>\n<\/ul>\t\t\t<\/nav>\n\t\t\t\t\t\t<nav class=\"elementor-nav-menu--dropdown elementor-nav-menu__container\" aria-hidden=\"true\">\n\t\t\t\t<ul id=\"menu-2-a9bee77\" class=\"elementor-nav-menu sm-vertical\"><li class=\"menu-lateral menu-item menu-item-type-post_type menu-item-object-page menu-item-638\"><a href=\"https:\/\/www.asesoria-cano.com\/ca\/fiscal\" class=\"elementor-item menu-link\" tabindex=\"-1\">Fiscal<\/a><\/li>\n<li class=\"menu-lateral menu-item menu-item-type-post_type menu-item-object-page menu-item-639\"><a href=\"https:\/\/www.asesoria-cano.com\/ca\/laboral\" class=\"elementor-item menu-link\" tabindex=\"-1\">Laboral<\/a><\/li>\n<li class=\"menu-lateral menu-item menu-item-type-post_type menu-item-object-page menu-item-640\"><a href=\"https:\/\/www.asesoria-cano.com\/ca\/juridic-mercantil\" class=\"elementor-item menu-link\" tabindex=\"-1\">Jur\u00eddic \u2013 Mercantil<\/a><\/li>\n<li class=\"menu-lateral menu-item menu-item-type-post_type menu-item-object-page menu-item-641\"><a href=\"https:\/\/www.asesoria-cano.com\/ca\/financer-comptable\" class=\"elementor-item menu-link\" tabindex=\"-1\">Financera \u2013 Comptable<\/a><\/li>\n<\/ul>\t\t\t<\/nav>\n\t\t\t\t\t\t<\/div>\n\t\t\t\t<\/div>\n\t\t\t\t\t<\/div>\n\t\t<\/div>\n\t\t\t\t\t<\/div>\n\t\t<\/section>\n\t\t\t\t<\/div>\n\t\t","protected":false},"excerpt":{"rendered":"<p>\u00c0rea fiscal La comunicaci\u00f3 directa i permanent amb el client ens ajuda a con\u00e8ixer les oportunitats i riscos en mat\u00e8ria tribut\u00e0ria, el que ens permet oferir-li aquelles alternatives per optimitzar la seva &#8220;factura fiscal&#8221;, ajustada a la legalitat vigent en cada moment. Planificaci\u00f3 fiscal Fiscalitat de l&#8217;Empresa Familiar. Gesti\u00f3 Fiscal de Patrimonis. Assessorament i formalitzaci\u00f3 [&hellip;]<\/p>\n","protected":false},"author":1,"featured_media":0,"parent":0,"menu_order":0,"comment_status":"closed","ping_status":"closed","template":"","meta":{"site-sidebar-layout":"no-sidebar","site-content-layout":"page-builder","ast-site-content-layout":"default","site-content-style":"default","site-sidebar-style":"default","ast-global-header-display":"","ast-banner-title-visibility":"","ast-main-header-display":"","ast-hfb-above-header-display":"","ast-hfb-below-header-display":"","ast-hfb-mobile-header-display":"","site-post-title":"disabled","ast-breadcrumbs-content":"","ast-featured-img":"disabled","footer-sml-layout":"","ast-disable-related-posts":"","theme-transparent-header-meta":"default","adv-header-id-meta":"","stick-header-meta":"","header-above-stick-meta":"","header-main-stick-meta":"","header-below-stick-meta":"","astra-migrate-meta-layouts":"default","ast-page-background-enabled":"default","ast-page-background-meta":{"desktop":{"background-color":"","background-image":"","background-repeat":"repeat","background-position":"center center","background-size":"auto","background-attachment":"scroll","background-type":"","background-media":"","overlay-type":"","overlay-color":"","overlay-opacity":"","overlay-gradient":""},"tablet":{"background-color":"","background-image":"","background-repeat":"repeat","background-position":"center center","background-size":"auto","background-attachment":"scroll","background-type":"","background-media":"","overlay-type":"","overlay-color":"","overlay-opacity":"","overlay-gradient":""},"mobile":{"background-color":"","background-image":"","background-repeat":"repeat","background-position":"center center","background-size":"auto","background-attachment":"scroll","background-type":"","background-media":"","overlay-type":"","overlay-color":"","overlay-opacity":"","overlay-gradient":""}},"ast-content-background-meta":{"desktop":{"background-color":"var(--ast-global-color-5)","background-image":"","background-repeat":"repeat","background-position":"center center","background-size":"auto","background-attachment":"scroll","background-type":"","background-media":"","overlay-type":"","overlay-color":"","overlay-opacity":"","overlay-gradient":""},"tablet":{"background-color":"var(--ast-global-color-5)","background-image":"","background-repeat":"repeat","background-position":"center center","background-size":"auto","background-attachment":"scroll","background-type":"","background-media":"","overlay-type":"","overlay-color":"","overlay-opacity":"","overlay-gradient":""},"mobile":{"background-color":"var(--ast-global-color-5)","background-image":"","background-repeat":"repeat","background-position":"center center","background-size":"auto","background-attachment":"scroll","background-type":"","background-media":"","overlay-type":"","overlay-color":"","overlay-opacity":"","overlay-gradient":""}},"footnotes":""},"class_list":["post-372","page","type-page","status-publish","hentry"],"_links":{"self":[{"href":"https:\/\/www.asesoria-cano.com\/ca\/wp-json\/wp\/v2\/pages\/372","targetHints":{"allow":["GET"]}}],"collection":[{"href":"https:\/\/www.asesoria-cano.com\/ca\/wp-json\/wp\/v2\/pages"}],"about":[{"href":"https:\/\/www.asesoria-cano.com\/ca\/wp-json\/wp\/v2\/types\/page"}],"author":[{"embeddable":true,"href":"https:\/\/www.asesoria-cano.com\/ca\/wp-json\/wp\/v2\/users\/1"}],"replies":[{"embeddable":true,"href":"https:\/\/www.asesoria-cano.com\/ca\/wp-json\/wp\/v2\/comments?post=372"}],"version-history":[{"count":11,"href":"https:\/\/www.asesoria-cano.com\/ca\/wp-json\/wp\/v2\/pages\/372\/revisions"}],"predecessor-version":[{"id":702,"href":"https:\/\/www.asesoria-cano.com\/ca\/wp-json\/wp\/v2\/pages\/372\/revisions\/702"}],"wp:attachment":[{"href":"https:\/\/www.asesoria-cano.com\/ca\/wp-json\/wp\/v2\/media?parent=372"}],"curies":[{"name":"wp","href":"https:\/\/api.w.org\/{rel}","templated":true}]}}