{"id":368,"date":"2020-12-29T16:31:10","date_gmt":"2020-12-29T16:31:10","guid":{"rendered":"https:\/\/ktk.idomkt.com\/AC\/finances-comptable"},"modified":"2021-06-10T10:51:52","modified_gmt":"2021-06-10T10:51:52","slug":"financer-comptable","status":"publish","type":"page","link":"https:\/\/www.asesoria-cano.com\/ca\/financer-comptable","title":{"rendered":"Financera &#8211; Comptable"},"content":{"rendered":"\t\t<div data-elementor-type=\"wp-page\" data-elementor-id=\"368\" class=\"elementor elementor-368 elementor-45\" data-elementor-post-type=\"page\">\n\t\t\t\t\t\t<section class=\"elementor-section elementor-top-section elementor-element elementor-element-3d4a6964 elementor-section-height-min-height elementor-section-content-middle elementor-section-stretched elementor-section-boxed elementor-section-height-default elementor-section-items-middle\" data-id=\"3d4a6964\" data-element_type=\"section\" data-e-type=\"section\" data-settings=\"{&quot;background_background&quot;:&quot;classic&quot;,&quot;stretch_section&quot;:&quot;section-stretched&quot;,&quot;background_motion_fx_motion_fx_scrolling&quot;:&quot;yes&quot;,&quot;background_motion_fx_translateY_effect&quot;:&quot;yes&quot;,&quot;background_motion_fx_translateY_affectedRange&quot;:{&quot;unit&quot;:&quot;%&quot;,&quot;size&quot;:&quot;&quot;,&quot;sizes&quot;:{&quot;start&quot;:20,&quot;end&quot;:80}},&quot;background_motion_fx_translateY_speed&quot;:{&quot;unit&quot;:&quot;px&quot;,&quot;size&quot;:4,&quot;sizes&quot;:[]},&quot;background_motion_fx_devices&quot;:[&quot;desktop&quot;,&quot;tablet&quot;,&quot;mobile&quot;]}\">\n\t\t\t\t\t\t<div class=\"elementor-container elementor-column-gap-default\">\n\t\t\t\t\t<div class=\"elementor-column elementor-col-50 elementor-top-column elementor-element elementor-element-e4f5f9b\" data-id=\"e4f5f9b\" data-element_type=\"column\" data-e-type=\"column\" data-settings=\"{&quot;background_background&quot;:&quot;classic&quot;}\">\n\t\t\t<div class=\"elementor-widget-wrap elementor-element-populated\">\n\t\t\t\t\t\t<section class=\"elementor-section elementor-inner-section elementor-element elementor-element-18dcb461 elementor-section-boxed elementor-section-height-default elementor-section-height-default\" data-id=\"18dcb461\" data-element_type=\"section\" data-e-type=\"section\" data-settings=\"{&quot;background_background&quot;:&quot;classic&quot;}\">\n\t\t\t\t\t\t<div class=\"elementor-container elementor-column-gap-default\">\n\t\t\t\t\t<div class=\"elementor-column elementor-col-100 elementor-inner-column elementor-element elementor-element-3914f597\" data-id=\"3914f597\" data-element_type=\"column\" data-e-type=\"column\">\n\t\t\t<div class=\"elementor-widget-wrap elementor-element-populated\">\n\t\t\t\t\t\t<div class=\"elementor-element elementor-element-4cb68913 elementor-widget elementor-widget-text-editor\" data-id=\"4cb68913\" data-element_type=\"widget\" data-e-type=\"widget\" data-widget_type=\"text-editor.default\">\n\t\t\t\t<div class=\"elementor-widget-container\">\n\t\t\t\t\t\t\t\t\t<h1><span style=\"color: #066bb6;\">\u00c0rea financera &#8211; comptable&nbsp;<\/span><\/h1>\n<p class=\"p-destacat\">El nostre assessorament en l&#8217;\u00e0rea financer &#8211; comptable de l&#8217;empresa va totalment coordinat amb l&#8217;assessorament tributari, aix\u00ed com amb el jur\u00eddic &#8211; mercantil de la mateixa.<\/p>\n<p class=\"p-destacat\">La gesti\u00f3 comptable t\u00e9 com a objectiu &#8220;alliberar&#8221; a l&#8217;empresa o professional de la necessitat de disposar personal que afecti a aquesta activitat. Per a aix\u00f2, comptem amb els programes i el personal per poder complir amb totes les obligacions en mat\u00e8ria comptable imposades per la legislaci\u00f3 vigent.<\/p>\n<h2><span style=\"color: #066bb6;\">Gesti\u00f3 Comptable<\/span><\/h2>\n<ul>\n<li>Confecci\u00f3 de la comptabilitat anual en suport inform\u00e0tic, aix\u00ed com dels corresponents Llibres i Registres oficials (Llibre Diari, Llibre Inventari i Balan\u00e7os, Llibre Major i Llibres Registres d&#8217;IVA), d&#8217;acord amb la documentaci\u00f3 aportada pel client.<\/li>\n<li>Elaboraci\u00f3 dels Llibres Oficials, i tramitaci\u00f3 del seu dip\u00f2sit en el Registre Mercantil.<\/li>\n<\/ul>\n<h2><span style=\"color: #066bb6;\">Assessorament Financer &#8211; Comptable<\/span><\/h2>\n<ul>\n<li>Supervisi\u00f3 de la comptabilitat i de el tancament comptable, aix\u00ed com dels estats comptables d&#8217;empreses i particulars (empresaris o professionals).<\/li>\n<li>An\u00e0lisi comptable de partides clau com amortitzacions, periodificacions, provisions, cr\u00e8dits fiscals, ajustaments, etc.<\/li>\n<li>Elaboraci\u00f3 i presentaci\u00f3 de l&#8217;expedient de Comptes Anuals.<\/li>\n<li>An\u00e0lisi i implantaci\u00f3 d&#8217;Adaptacions sectorials.<\/li>\n<li>An\u00e0lisi d&#8217;Estats Financers.<\/li>\n<li>Finan\u00e7ament i Plans de Viabilitat.<\/li>\n<li>An\u00e0lisi Patrimonial.<\/li>\n<\/ul>\n<div class=\"separador-responsable\">&nbsp;<\/div>\n<p class=\"p-destacat\">responsable:<span class=\"nom-responsable\" style=\"color: #066bb6;\"> Ignasi Montoya Roldan (Economista)<\/span><\/p>\n\t\t\t\t\t\t\t\t<\/div>\n\t\t\t\t<\/div>\n\t\t\t\t\t<\/div>\n\t\t<\/div>\n\t\t\t\t\t<\/div>\n\t\t<\/section>\n\t\t\t\t\t<\/div>\n\t\t<\/div>\n\t\t\t\t<div class=\"elementor-column elementor-col-50 elementor-top-column elementor-element elementor-element-19a8c9b0\" data-id=\"19a8c9b0\" data-element_type=\"column\" data-e-type=\"column\">\n\t\t\t<div class=\"elementor-widget-wrap elementor-element-populated\">\n\t\t\t\t\t\t<div class=\"elementor-element elementor-element-dec324a elementor-nav-menu__align-start elementor-nav-menu--dropdown-none elementor-widget elementor-widget-nav-menu\" data-id=\"dec324a\" data-element_type=\"widget\" data-e-type=\"widget\" data-settings=\"{&quot;layout&quot;:&quot;vertical&quot;,&quot;submenu_icon&quot;:{&quot;value&quot;:&quot;&lt;i aria-hidden=\\&quot;true\\&quot; class=\\&quot;\\&quot;&gt;&lt;\\\/i&gt;&quot;,&quot;library&quot;:&quot;&quot;}}\" data-widget_type=\"nav-menu.default\">\n\t\t\t\t<div class=\"elementor-widget-container\">\n\t\t\t\t\t\t\t\t<nav aria-label=\"Menu\" class=\"elementor-nav-menu--main elementor-nav-menu__container elementor-nav-menu--layout-vertical e--pointer-none\">\n\t\t\t\t<ul id=\"menu-1-dec324a\" class=\"elementor-nav-menu sm-vertical\"><li class=\"menu-lateral menu-item menu-item-type-post_type menu-item-object-page menu-item-638\"><a href=\"https:\/\/www.asesoria-cano.com\/ca\/fiscal\" class=\"elementor-item menu-link\">Fiscal<\/a><\/li>\n<li class=\"menu-lateral menu-item menu-item-type-post_type menu-item-object-page menu-item-639\"><a href=\"https:\/\/www.asesoria-cano.com\/ca\/laboral\" class=\"elementor-item menu-link\">Laboral<\/a><\/li>\n<li class=\"menu-lateral menu-item menu-item-type-post_type menu-item-object-page menu-item-640\"><a href=\"https:\/\/www.asesoria-cano.com\/ca\/juridic-mercantil\" class=\"elementor-item menu-link\">Jur\u00eddic \u2013 Mercantil<\/a><\/li>\n<li class=\"menu-lateral menu-item menu-item-type-post_type menu-item-object-page menu-item-641\"><a href=\"https:\/\/www.asesoria-cano.com\/ca\/financer-comptable\" class=\"elementor-item menu-link\">Financera \u2013 Comptable<\/a><\/li>\n<\/ul>\t\t\t<\/nav>\n\t\t\t\t\t\t<nav class=\"elementor-nav-menu--dropdown elementor-nav-menu__container\" aria-hidden=\"true\">\n\t\t\t\t<ul id=\"menu-2-dec324a\" class=\"elementor-nav-menu sm-vertical\"><li class=\"menu-lateral menu-item menu-item-type-post_type menu-item-object-page menu-item-638\"><a href=\"https:\/\/www.asesoria-cano.com\/ca\/fiscal\" class=\"elementor-item menu-link\" tabindex=\"-1\">Fiscal<\/a><\/li>\n<li class=\"menu-lateral menu-item menu-item-type-post_type menu-item-object-page menu-item-639\"><a href=\"https:\/\/www.asesoria-cano.com\/ca\/laboral\" class=\"elementor-item menu-link\" tabindex=\"-1\">Laboral<\/a><\/li>\n<li class=\"menu-lateral menu-item menu-item-type-post_type menu-item-object-page menu-item-640\"><a href=\"https:\/\/www.asesoria-cano.com\/ca\/juridic-mercantil\" class=\"elementor-item menu-link\" tabindex=\"-1\">Jur\u00eddic \u2013 Mercantil<\/a><\/li>\n<li class=\"menu-lateral menu-item menu-item-type-post_type menu-item-object-page menu-item-641\"><a href=\"https:\/\/www.asesoria-cano.com\/ca\/financer-comptable\" class=\"elementor-item menu-link\" tabindex=\"-1\">Financera \u2013 Comptable<\/a><\/li>\n<\/ul>\t\t\t<\/nav>\n\t\t\t\t\t\t<\/div>\n\t\t\t\t<\/div>\n\t\t\t\t\t<\/div>\n\t\t<\/div>\n\t\t\t\t\t<\/div>\n\t\t<\/section>\n\t\t\t\t<\/div>\n\t\t","protected":false},"excerpt":{"rendered":"<p>\u00c0rea financera &#8211; comptable&nbsp; El nostre assessorament en l&#8217;\u00e0rea financer &#8211; comptable de l&#8217;empresa va totalment coordinat amb l&#8217;assessorament tributari, aix\u00ed com amb el jur\u00eddic &#8211; mercantil de la mateixa. La gesti\u00f3 comptable t\u00e9 com a objectiu &#8220;alliberar&#8221; a l&#8217;empresa o professional de la necessitat de disposar personal que afecti a aquesta activitat. Per a [&hellip;]<\/p>\n","protected":false},"author":1,"featured_media":0,"parent":0,"menu_order":0,"comment_status":"closed","ping_status":"closed","template":"","meta":{"site-sidebar-layout":"no-sidebar","site-content-layout":"page-builder","ast-site-content-layout":"default","site-content-style":"default","site-sidebar-style":"default","ast-global-header-display":"","ast-banner-title-visibility":"","ast-main-header-display":"","ast-hfb-above-header-display":"","ast-hfb-below-header-display":"","ast-hfb-mobile-header-display":"","site-post-title":"disabled","ast-breadcrumbs-content":"","ast-featured-img":"disabled","footer-sml-layout":"","ast-disable-related-posts":"","theme-transparent-header-meta":"default","adv-header-id-meta":"","stick-header-meta":"","header-above-stick-meta":"","header-main-stick-meta":"","header-below-stick-meta":"","astra-migrate-meta-layouts":"default","ast-page-background-enabled":"default","ast-page-background-meta":{"desktop":{"background-color":"","background-image":"","background-repeat":"repeat","background-position":"center center","background-size":"auto","background-attachment":"scroll","background-type":"","background-media":"","overlay-type":"","overlay-color":"","overlay-opacity":"","overlay-gradient":""},"tablet":{"background-color":"","background-image":"","background-repeat":"repeat","background-position":"center center","background-size":"auto","background-attachment":"scroll","background-type":"","background-media":"","overlay-type":"","overlay-color":"","overlay-opacity":"","overlay-gradient":""},"mobile":{"background-color":"","background-image":"","background-repeat":"repeat","background-position":"center center","background-size":"auto","background-attachment":"scroll","background-type":"","background-media":"","overlay-type":"","overlay-color":"","overlay-opacity":"","overlay-gradient":""}},"ast-content-background-meta":{"desktop":{"background-color":"var(--ast-global-color-5)","background-image":"","background-repeat":"repeat","background-position":"center center","background-size":"auto","background-attachment":"scroll","background-type":"","background-media":"","overlay-type":"","overlay-color":"","overlay-opacity":"","overlay-gradient":""},"tablet":{"background-color":"var(--ast-global-color-5)","background-image":"","background-repeat":"repeat","background-position":"center center","background-size":"auto","background-attachment":"scroll","background-type":"","background-media":"","overlay-type":"","overlay-color":"","overlay-opacity":"","overlay-gradient":""},"mobile":{"background-color":"var(--ast-global-color-5)","background-image":"","background-repeat":"repeat","background-position":"center center","background-size":"auto","background-attachment":"scroll","background-type":"","background-media":"","overlay-type":"","overlay-color":"","overlay-opacity":"","overlay-gradient":""}},"footnotes":""},"class_list":["post-368","page","type-page","status-publish","hentry"],"_links":{"self":[{"href":"https:\/\/www.asesoria-cano.com\/ca\/wp-json\/wp\/v2\/pages\/368","targetHints":{"allow":["GET"]}}],"collection":[{"href":"https:\/\/www.asesoria-cano.com\/ca\/wp-json\/wp\/v2\/pages"}],"about":[{"href":"https:\/\/www.asesoria-cano.com\/ca\/wp-json\/wp\/v2\/types\/page"}],"author":[{"embeddable":true,"href":"https:\/\/www.asesoria-cano.com\/ca\/wp-json\/wp\/v2\/users\/1"}],"replies":[{"embeddable":true,"href":"https:\/\/www.asesoria-cano.com\/ca\/wp-json\/wp\/v2\/comments?post=368"}],"version-history":[{"count":11,"href":"https:\/\/www.asesoria-cano.com\/ca\/wp-json\/wp\/v2\/pages\/368\/revisions"}],"predecessor-version":[{"id":698,"href":"https:\/\/www.asesoria-cano.com\/ca\/wp-json\/wp\/v2\/pages\/368\/revisions\/698"}],"wp:attachment":[{"href":"https:\/\/www.asesoria-cano.com\/ca\/wp-json\/wp\/v2\/media?parent=368"}],"curies":[{"name":"wp","href":"https:\/\/api.w.org\/{rel}","templated":true}]}}